{"id":865,"date":"2018-10-24T14:09:21","date_gmt":"2018-10-24T18:09:21","guid":{"rendered":"http:\/\/localhost\/~ecsilva\/wordpress\/?page_id=865"},"modified":"2020-10-15T10:10:58","modified_gmt":"2020-10-15T14:10:58","slug":"dependencias-nacionales","status":"publish","type":"page","link":"https:\/\/virtualunexpo.com\/?page_id=865","title":{"rendered":"Dependencias Nacionales"},"content":{"rendered":"<h3 class=\"my-3 text-center subtitle-post\">Vicerrectorado Acad\u00e9mico<\/h3>\n<hr class=\"hr-blue\">\n<p>El Vicerrectorado Acad\u00e9mico de la Universidad Nacional Experimental Polit\u00e9cnica \u201cAntonio Jos\u00e9 de Sucre\u201d, dirige los procesos acad\u00e9micos de docencia, investigaci\u00f3n y extensi\u00f3n a nivel de pregrado y postgrado; hacia el desarrollo e innovaci\u00f3n permanente del conocimiento cient\u00edfico, tecnol\u00f3gico y b\u00fasqueda de la excelencia acad\u00e9mica mediante la ejecuci\u00f3n de programas, planes y proyectos para formar y capacitar los nuevos profesionales, que den respuesta a las necesidades y demandas del entorno regional, nacional e internacional en concordancia con los avances cient\u00edfico \u2013 tecnol\u00f3gicos de la sociedad y la filosof\u00eda del modelo universitario de la UNEXPO.<\/p>\n<p>Sus unidades org\u00e1nicas subordinadas son: Desarrollo Curricular, Investigaci\u00f3n, Postgrado, Admisi\u00f3n, Desarrollo y Evaluaci\u00f3n docente. Adicionalmente, cuenta con el apoyo de los Comit\u00e9s Nacionales de Coordinaci\u00f3n Acad\u00e9mico, Investigaci\u00f3n y Postgrado y Servicio Comunitario.<\/p>\n<h3 class=\"mt-5 mb-3 text-center subtitle-post\">Vicerrectorado Administrativo<\/h3>\n<hr class=\"hr-blue\">\n<p>El Vicerrectorado Administrativo dirige la administraci\u00f3n universitaria y controla su funcionamiento con la m\u00e1xima eficiencia y transparencia en el manejo de los recursos f\u00edsicos y financieros, as\u00ed como el desarrollo del recurso humano, para garantizar una gerencia de calidad que asegure el desenvolvimiento de las actividades acad\u00e9micas, de investigaci\u00f3n y extensi\u00f3n a fin de dar cumplimiento a los objetivos de la universidad.<br \/>\nEsta unidad org\u00e1nica est\u00e1 conformada por las unidades nacionales de: administraci\u00f3n, compras y suministros, bienes, tesorer\u00eda, contabilidad, recursos humanos y seguridad integral, adem\u00e1s del Comit\u00e9 Nacional de Coordinaci\u00f3n Administrativa y la Comisi\u00f3n Nacional de Licitaciones.<\/p>\n<h3 class=\"mt-5 mb-3 text-center subtitle-post\">Secretar\u00eda<\/h3>\n<hr class=\"hr-blue\">\n<p>Es la unidad org\u00e1nica que dirige los procesos de consolidaci\u00f3n y ordenamiento de informaci\u00f3n que demandan la vida acad\u00e9mica, institucional y estudiantil de la universidad como portavoz oficial y de apoyo t\u00e9cnico al Consejo Universitario, con el fin de garantizar la autenticidad de la documentaci\u00f3n emitida y satisfacer con oportunidad y calidad las demandas de informaci\u00f3n a la comunidad universitaria.<br \/>\nDependen de la Secretar\u00eda de la UNEXPO, las Unidades Nacionales de: Asistencia al Consejo Universitario, Admisi\u00f3n y Control de Estudios, Protocolo, Documentaci\u00f3n y Archivo.<\/p>\n<p>Te invitamos a visitar nuestra p\u00e1gina:<\/p>\n<h3><a class=\"link-page\" href=\"http:\/\/www.secretaria.unexpo.edu.ve\">Secretar\u00eda<\/a><\/h3>\n","protected":false},"excerpt":{"rendered":"<p>Vicerrectorado Acad\u00e9mico El Vicerrectorado Acad\u00e9mico de la Universidad Nacional Experimental Polit\u00e9cnica \u201cAntonio Jos\u00e9 de Sucre\u201d, dirige los procesos acad\u00e9micos de docencia, investigaci\u00f3n y extensi\u00f3n a nivel de pregrado y postgrado; hacia el desarrollo e innovaci\u00f3n permanente del conocimiento cient\u00edfico, tecnol\u00f3gico y b\u00fasqueda de la excelencia acad\u00e9mica mediante la ejecuci\u00f3n de programas, planes y proyectos para [&hellip;]<\/p>\n","protected":false},"author":1,"featured_media":2431,"parent":0,"menu_order":0,"comment_status":"closed","ping_status":"closed","template":"single-basico.php","meta":{"footnotes":""},"class_list":["post-865","page","type-page","status-publish","has-post-thumbnail","hentry"],"_links":{"self":[{"href":"https:\/\/virtualunexpo.com\/index.php?rest_route=\/wp\/v2\/pages\/865","targetHints":{"allow":["GET"]}}],"collection":[{"href":"https:\/\/virtualunexpo.com\/index.php?rest_route=\/wp\/v2\/pages"}],"about":[{"href":"https:\/\/virtualunexpo.com\/index.php?rest_route=\/wp\/v2\/types\/page"}],"author":[{"embeddable":true,"href":"https:\/\/virtualunexpo.com\/index.php?rest_route=\/wp\/v2\/users\/1"}],"replies":[{"embeddable":true,"href":"https:\/\/virtualunexpo.com\/index.php?rest_route=%2Fwp%2Fv2%2Fcomments&post=865"}],"version-history":[{"count":69,"href":"https:\/\/virtualunexpo.com\/index.php?rest_route=\/wp\/v2\/pages\/865\/revisions"}],"predecessor-version":[{"id":5543,"href":"https:\/\/virtualunexpo.com\/index.php?rest_route=\/wp\/v2\/pages\/865\/revisions\/5543"}],"wp:featuredmedia":[{"embeddable":true,"href":"https:\/\/virtualunexpo.com\/index.php?rest_route=\/wp\/v2\/media\/2431"}],"wp:attachment":[{"href":"https:\/\/virtualunexpo.com\/index.php?rest_route=%2Fwp%2Fv2%2Fmedia&parent=865"}],"curies":[{"name":"wp","href":"https:\/\/api.w.org\/{rel}","templated":true}]}}