{"id":858,"date":"2018-10-24T14:01:20","date_gmt":"2018-10-24T18:01:20","guid":{"rendered":"http:\/\/localhost\/~ecsilva\/wordpress\/?page_id=858"},"modified":"2020-12-30T18:38:56","modified_gmt":"2020-12-30T22:38:56","slug":"rectorado","status":"publish","type":"page","link":"https:\/\/virtualunexpo.com\/?page_id=858","title":{"rendered":"Rectorado"},"content":{"rendered":"<h3 class=\"my-3 text-center subtitle-post\">Compromiso acad\u00e9mico con visi\u00f3n de pa\u00eds<\/h3>\n<hr class=\"hr-blue\">\n<div class=\"container\">\n<div class=\"row\">\n<div class=\"col-lg-6 col-md-6 col-sm-12\">\n<div class=\"container max-wid-container-90\">\n<p>Con la firme intenci\u00f3n de ejecutar pol\u00edticas, planes y proyectos en pro de la direcci\u00f3n de la gesti\u00f3n universitaria, el Rectorado de la Universidad Nacional Experimental Polit\u00e9cnica \u201cAntonio Jos\u00e9 de Sucre\u201d (UNEXPO) figura como una unidad org\u00e1nica comprometida con la excelencia acad\u00e9mica, conducente al desarrollo integral del pa\u00eds.Desde los espacios donde se ejecuta una administraci\u00f3n din\u00e1mica, cada uno de sus empleados trabajan convencidos de lograr la consolidaci\u00f3n de la UNEXPO como un centro nacional de excelencia en la formaci\u00f3n de ingenieros y t\u00e9cnicos.<\/p>\n<p>La oferta de carreras pertinentes, actualizadas e innovadoras en las \u00e1reas claves de la ingenier\u00eda, la ciencia y la t\u00e9cnica, al servicio del desarrollo humano sustentable de Venezuela, figura como uno de los objetivos principales que se promueven desde el rectorado de la UNEXPO.<\/p>\n<p>Adem\u00e1s y vali\u00e9ndose del apoyo de las 13 oficinas que le brindan apoyo, trabajan en la organizaci\u00f3n de un sistema de investigaci\u00f3n generador de ciencia y tecnolog\u00eda para el pa\u00eds, apoyados en el desarrollo de una gesti\u00f3n eficaz y eficiente de la instituci\u00f3n universitaria para respaldar la autonom\u00eda responsable.<\/p>\n<\/div>\n<\/div>\n<div class=\"col-lg-6 col-md-6 col-sm-12\">\n<div class=\"container max-wid-container-90\">\n<p>La unidad org\u00e1nica dirigida por la m\u00e1xima autoridad de esta casa de estudios tambi\u00e9n fomenta v\u00ednculos s\u00f3lidos con los sectores productivos y sociales de Venezuela, amparada en el norte de servir como \u201cconsejera tecnol\u00f3gica\u201d y crear capacidad prospectiva para la naci\u00f3n venezolana, monitoreando los avances tecnol\u00f3gicos mundiales, procurando los procesos de transferencia tecnol\u00f3gica adecuados, hecho que le permite desarrollar una cooperaci\u00f3n acad\u00e9mica y cient\u00edfica internacional que promueva la internacionalizaci\u00f3n de la UNEXPO y sus estamentos.Un enfoque claro de excelencia en educaci\u00f3n polit\u00e9cnica le permite a la universidad avanzar en la dotaci\u00f3n de infraestructuras para nuestras sedes y n\u00facleos, en especial, laboratorios, talleres y espacios acad\u00e9micos, acordes a las tareas de creaci\u00f3n, difusi\u00f3n y transferencia de conocimientos para el desarrollo nacional, que a su vez puedan convertirse en una v\u00eda para definir, dise\u00f1ar e implantar un modelo de financiaci\u00f3n que tenga en cuenta diversas fuentes de ingresos, garantizando la eficiencia, responsabilidad y transparencia en el uso de los recursos.<\/p>\n<\/div>\n<\/div>\n<\/div>\n<\/div>\n<h3 class=\"my-3 text-center subtitle-post\">La Rectora<\/h3>\n<hr class=\"hr-blue\">\n<div class=\"container\">\n<div class=\"row\">\n<div class=\"col-lg-3 col-md-3 col-sm-12\">\n<div class=\"container max-wid-container-90\">\n<img loading=\"lazy\" decoding=\"async\" class=\"alignnone size-medium wp-image-1588\" src=\"https:\/web\/wp-content\/uploads\/2018\/11\/Screenshot_2018-11-07-Potencialidades-UNEXPO-pdf-203x300.png\" alt=\"\" width=\"203\" height=\"300\" srcset=\"https:\/\/virtualunexpo.com\/wp-content\/uploads\/2018\/11\/Screenshot_2018-11-07-Potencialidades-UNEXPO-pdf-203x300.png 203w, https:\/\/virtualunexpo.com\/wp-content\/uploads\/2018\/11\/Screenshot_2018-11-07-Potencialidades-UNEXPO-pdf.png 377w\" sizes=\"auto, (max-width: 203px) 100vw, 203px\" \/><\/div>\n<\/div>\n<div class=\"col-lg-9 col-md-9 col-sm-12\">\n<div class=\"container max-wid-container-90\">\n<h3 class=\"my-3 text-left subtitle-post\">Rectora Rita Elena A\u00f1ez.<\/h3>\n<h4 class=\"mt-5 mb-3 text-left subtitle-post\">Nuestro Reto:<\/h4>\n<p>Consolidar a la UNEXPO como un centro de excelencia a nivel nacional en la formaci\u00f3n de ingenieros y t\u00e9cnicos de la m\u00e1s alta calidad, en las \u00e1reas claves de la ingenier\u00eda, la ciencia y la t\u00e9cnica, al servicio del desarrollo humano sustentable de Venezuela.<\/p>\n<\/div>\n<\/div>\n<\/div>\n<\/div>\n","protected":false},"excerpt":{"rendered":"<p>Compromiso acad\u00e9mico con visi\u00f3n de pa\u00eds Con la firme intenci\u00f3n de ejecutar pol\u00edticas, planes y proyectos en pro de la direcci\u00f3n de la gesti\u00f3n universitaria, el Rectorado de la Universidad Nacional Experimental Polit\u00e9cnica \u201cAntonio Jos\u00e9 de Sucre\u201d (UNEXPO) figura como una unidad org\u00e1nica comprometida con la excelencia acad\u00e9mica, conducente al desarrollo integral del pa\u00eds.Desde los [&hellip;]<\/p>\n","protected":false},"author":1,"featured_media":2431,"parent":0,"menu_order":0,"comment_status":"closed","ping_status":"closed","template":"single-basico.php","meta":{"footnotes":""},"class_list":["post-858","page","type-page","status-publish","has-post-thumbnail","hentry"],"_links":{"self":[{"href":"https:\/\/virtualunexpo.com\/index.php?rest_route=\/wp\/v2\/pages\/858","targetHints":{"allow":["GET"]}}],"collection":[{"href":"https:\/\/virtualunexpo.com\/index.php?rest_route=\/wp\/v2\/pages"}],"about":[{"href":"https:\/\/virtualunexpo.com\/index.php?rest_route=\/wp\/v2\/types\/page"}],"author":[{"embeddable":true,"href":"https:\/\/virtualunexpo.com\/index.php?rest_route=\/wp\/v2\/users\/1"}],"replies":[{"embeddable":true,"href":"https:\/\/virtualunexpo.com\/index.php?rest_route=%2Fwp%2Fv2%2Fcomments&post=858"}],"version-history":[{"count":51,"href":"https:\/\/virtualunexpo.com\/index.php?rest_route=\/wp\/v2\/pages\/858\/revisions"}],"predecessor-version":[{"id":6065,"href":"https:\/\/virtualunexpo.com\/index.php?rest_route=\/wp\/v2\/pages\/858\/revisions\/6065"}],"wp:featuredmedia":[{"embeddable":true,"href":"https:\/\/virtualunexpo.com\/index.php?rest_route=\/wp\/v2\/media\/2431"}],"wp:attachment":[{"href":"https:\/\/virtualunexpo.com\/index.php?rest_route=%2Fwp%2Fv2%2Fmedia&parent=858"}],"curies":[{"name":"wp","href":"https:\/\/api.w.org\/{rel}","templated":true}]}}