{"id":803,"date":"2018-10-24T10:26:44","date_gmt":"2018-10-24T14:26:44","guid":{"rendered":"http:\/\/localhost\/~ecsilva\/wordpress\/?page_id=803"},"modified":"2023-11-27T10:48:52","modified_gmt":"2023-11-27T14:48:52","slug":"estructura-organizativa","status":"publish","type":"page","link":"https:\/\/virtualunexpo.com\/?page_id=803","title":{"rendered":"Estructura Organizativa"},"content":{"rendered":"<p>La Universidad Nacional Experimental Polit\u00e9cnica \u201cAntonio Jos\u00e9 de Sucre\u201d, la conforman: Consejo Universitario, Rector, Vicerrectores, Secretario, Consejo de apelaciones, Comit\u00e9s de coordinaci\u00f3n acad\u00e9mica, administrativa y de investigaci\u00f3n y postgrado, Oficinas de apoyo y asesor\u00eda del Rectorado.<\/p>\n<p>A nivel regional est\u00e1 conformada por los siguientes organismos: Consejo Directivo, Vicerrectorados Regionales, Direcciones, Consejo Acad\u00e9mico, Consejo de N\u00facleos, Jefaturas de Departamento y de extensiones, Consejos de Departamentos, Jefaturas de secciones y c\u00e1tedras, Unidades de apoyo y asesor\u00eda de los vicerrectorados.<\/p>\n<h3 class=\"mt-5 mb-3 text-left subtitle-post\">Autoridades de la UNEXPO<\/h3>\n<hr class=\"hr-blue\" \/>\n<div class=\"text-center\">\n<h3 class=\"mt-5 mb-1 title-post\">Rita Elena A\u00f1ez<\/h3>\n<p>Rectora<\/p>\n<h3 class=\"mt-5 mb-1 title-post\">Fraisa Codecido<\/h3>\n<p>Vicerrectora Acad\u00e9mica<\/p>\n<h3 class=\"mt-5 mb-1 title-post\">Mazra Morales<\/h3>\n<p>Vicerrectora Administrativa<\/p>\n<h3 class=\"mt-5 mb-1 title-post\">Marlenis Soteldo<\/h3>\n<p>Secretar\u00eda<\/p>\n<h3 class=\"mt-5 mb-1 title-post\">Amael Castellano<\/h3>\n<p>Vicerrector Regional Barquisimeto<\/p>\n<h3 class=\"mt-5 mb-1 title-post\">Alba Carrero<\/h3>\n<p>Vicerrector Regional Luis Caballero Mej\u00edas<\/p>\n<h3 class=\"mt-5 mb-1 title-post\">Luis Rosales<\/h3>\n<p>Vicerrector Regional Puerto Ordaz<\/p>\n<\/div>\n<h3 class=\"mt-5 mb-3 text-left subtitle-post\">Claustro Universitario<\/h3>\n<hr class=\"hr-blue\" \/>\n<p>El Claustro Universitario es el m\u00e1ximo \u00f3rgano representativo de la comunidad universitaria. Sus funciones son: elegir a las autoridades universitarias, para los cargos de: Rector, Vicerrector Acad\u00e9mico, Vicerrector Administrativo, Secretario, Vicerrectores Regionales, Directores Acad\u00e9micos, Administrativos y de Investigaci\u00f3n y Postgrado. Est\u00e1 conformado por los miembros ordinarios del personal docente y de investigaci\u00f3n, con categor\u00eda no menor de asistente, activos y jubilados, y los estudiantes debidamente inscritos en la universidad, en una proporci\u00f3n igual al 25% del n\u00famero de profesores con derecho a voto.<\/p>\n<h3 class=\"mt-5 mb-3 text-left subtitle-post\">Consejo Universitario<\/h3>\n<hr class=\"hr-blue\" \/>\n<p>La autoridad suprema de la universidad reside en su Consejo Universitario, el cual conduce y dicta directrices de la gesti\u00f3n universitaria ajustada al marco jur\u00eddico establecido por la rep\u00fablica, reglamento general, visi\u00f3n, misi\u00f3n, pol\u00edticas y valores de la universidad.<\/p>\n<p>Est\u00e1 integrado por el Rector, quien lo preside, el Vicerrector Acad\u00e9mico, el Vicerrector Administrativo, el Secretario, los Vicerrectores Regionales, un representante de los profesores por cada Vicerrectorado, un representante de los estudiantes por cada Vicerrectorado Regional y un representante de los egresados.<\/p>\n<p>Adicionalmente, asisten al Consejo Universitario la Directora de la Oficina Central de Asesor\u00eda Legal y el Secretario Ejecutivo del Consejo Universitario. El delegado del Ministerio del Poder Popular para la Educaci\u00f3n Universitaria (MPPEU) deber\u00e1 poseer t\u00edtulo universitario venezolano, no debe ser miembro del personal de la universidad y ser\u00e1 de libre nombramiento y remoci\u00f3n por parte del ministro.<\/p>\n<p>El consejo universitario celebra sesiones ordinarias cada quince d\u00edas y extraordinarias cada vez que sea convocado por el rector (a) o cuando lo soliciten por escrito no menos de la tercera parte de sus miembros.<\/p>\n<h3 class=\"mt-5 mb-3 text-left subtitle-post\">Comisi\u00f3n Nacional Electoral<\/h3>\n<hr class=\"hr-blue\" \/>\n<p>La Comisi\u00f3n Nacional Electoral es la que se encarga de organizar y dirigir la ejecuci\u00f3n de las elecciones universitarias, est\u00e1 integrada por dos profesores designados por el Consejo Universitario, un profesor designado por los representantes profesorales ante el Consejo Universitario, un representante estudiantil designado por los representantes estudiantiles ante el Consejo Universitario y un representante de los egresados designado por ante el Consejo Universitario. En cada Vicerrectorado Regional existir\u00e1 una Comisi\u00f3n Electoral Regional, la cual ser\u00e1 la responsable de conducir el proceso electoral en ese Vicerrectorado.<\/p>\n<h3 class=\"mt-5 mb-3 text-left subtitle-post\">Consejo de Apelaciones<\/h3>\n<hr class=\"hr-blue\" \/>\n<p>Sirve como \u00f3rgano superior de la universidad en materia disciplinaria, atendiendo y resolviendo las solicitudes de apelaci\u00f3n contra decisiones disciplinarias impuestas a estudiantes y docentes, sin perjuicio de lo que disponga la legislaci\u00f3n especial al respecto. Est\u00e1 conformado por tres profesores ordinarios electos, los cuales ejercer\u00e1n el cargo de Presidente y dos de Secretarios.<\/p>\n","protected":false},"excerpt":{"rendered":"<p>La Universidad Nacional Experimental Polit\u00e9cnica \u201cAntonio Jos\u00e9 de Sucre\u201d, la conforman: Consejo Universitario, Rector, Vicerrectores, Secretario, Consejo de apelaciones, Comit\u00e9s de coordinaci\u00f3n acad\u00e9mica, administrativa y de investigaci\u00f3n y postgrado, Oficinas de apoyo y asesor\u00eda del Rectorado. A nivel regional est\u00e1 conformada por los siguientes organismos: Consejo Directivo, Vicerrectorados Regionales, Direcciones, Consejo Acad\u00e9mico, Consejo de N\u00facleos, [&hellip;]<\/p>\n","protected":false},"author":1,"featured_media":2431,"parent":0,"menu_order":0,"comment_status":"closed","ping_status":"closed","template":"single-basico.php","meta":{"footnotes":""},"class_list":["post-803","page","type-page","status-publish","has-post-thumbnail","hentry"],"_links":{"self":[{"href":"https:\/\/virtualunexpo.com\/index.php?rest_route=\/wp\/v2\/pages\/803","targetHints":{"allow":["GET"]}}],"collection":[{"href":"https:\/\/virtualunexpo.com\/index.php?rest_route=\/wp\/v2\/pages"}],"about":[{"href":"https:\/\/virtualunexpo.com\/index.php?rest_route=\/wp\/v2\/types\/page"}],"author":[{"embeddable":true,"href":"https:\/\/virtualunexpo.com\/index.php?rest_route=\/wp\/v2\/users\/1"}],"replies":[{"embeddable":true,"href":"https:\/\/virtualunexpo.com\/index.php?rest_route=%2Fwp%2Fv2%2Fcomments&post=803"}],"version-history":[{"count":89,"href":"https:\/\/virtualunexpo.com\/index.php?rest_route=\/wp\/v2\/pages\/803\/revisions"}],"predecessor-version":[{"id":9480,"href":"https:\/\/virtualunexpo.com\/index.php?rest_route=\/wp\/v2\/pages\/803\/revisions\/9480"}],"wp:featuredmedia":[{"embeddable":true,"href":"https:\/\/virtualunexpo.com\/index.php?rest_route=\/wp\/v2\/media\/2431"}],"wp:attachment":[{"href":"https:\/\/virtualunexpo.com\/index.php?rest_route=%2Fwp%2Fv2%2Fmedia&parent=803"}],"curies":[{"name":"wp","href":"https:\/\/api.w.org\/{rel}","templated":true}]}}