{"id":779,"date":"2018-10-19T14:40:38","date_gmt":"2018-10-19T18:40:38","guid":{"rendered":"http:\/\/localhost\/~ecsilva\/wordpress\/?page_id=779"},"modified":"2020-12-30T18:33:23","modified_gmt":"2020-12-30T22:33:23","slug":"registro-de-proveedores","status":"publish","type":"page","link":"https:\/\/virtualunexpo.com\/?page_id=779","title":{"rendered":"Registro de Proveedores"},"content":{"rendered":"<h3 class=\"my-3 text-center subtitle-post\">Inscripci\u00f3n y Actualizaci\u00f3n de la Documentaci\u00f3n del Registro de Proveedores de la UNEXPO<\/h3>\n<hr class=\"hr-blue\">\n<p>Se les participa a las Empresas Jur\u00eddicas, Cooperativas y\/o Personas Naturales, Proveedoras de Bienes, Servicios u Obras, que pueden pasar por las Unidades de Compras y Suministros de la&nbsp;Universidad Nacional Experimental Polit\u00e9cnica \u00abAntonio Jos\u00e9 de Sucre\u00bb (UNEXPO), de lunes a viernes en horario comprendido entre 8:30 a.m. a 11:30 a.m. y 1:30 p.m. a 3:30 p.m. para inscribirse o actualizar sus datos en el Registro de Proveedores de esta Instituci\u00f3n, a fin de consignar los siguientes documentos indispensables:<\/p>\n<h4 class=\"mt-5 mb-3 text-left subtitle-post\">Imprescindibles:<\/h4>\n<ul class=\"list-display list-checkmarks\">\n<li>1. Copia Certificada del Registro Mercantil, Acta Constitutiva y Estatus Sociales de la empresa debidamente actualizadas y publicadas.<\/li>\n<li>2. Copia de Registro de Informaci\u00f3n Fiscal (RIF) vigente.<\/li>\n<li>3. Copia del Certificado Electr\u00f3nico de Registro en el Ministerio del Poder Popular para el Proceso Social de Trabajo (MPPPST) &#8211; Registro Nacional de Entidades de Trabajo (RNET), donde indique el&nbsp;N\u00famero de Identificaci\u00f3n Laboral (NIL)&nbsp;el cual se realiza a trav\u00e9s de la P\u00e1gina Web&nbsp;www.mpppst.gob.ve\/mpppst\/&nbsp;en el link Sistemas en L\u00ednea.(Seg\u00fan Resoluci\u00f3n 9.108 publicada en Gaceta Oficial Nro 40.655 de fecha 07\/05\/2015).<\/li>\n<li>4. Copia de la&nbsp;Solvencia Laboral, la cual se obtiene luego del RNET a trav\u00e9s de la P\u00e1gina Web&nbsp;www.mpppst.gob.ve\/mpppst\/&nbsp;en el Link Sistemas en L\u00ednea (Seg\u00fan Art\u00edculo 11 de la Resoluci\u00f3n 9.108 publicada en Gaceta Oficial Nro 40.655).<\/li>\n<li>5. Copia del Certificado de&nbsp;Inscripci\u00f3n en el Registro Nacional de Contratista, la cual se realiza a trav\u00e9s de la P\u00e1gina Web&nbsp;www.snc.gob.ve&nbsp;del Servicio Nacional de Contrataciones. (Seg\u00fan el Art\u00edculo 47 del DRVFL de Contrataciones P\u00fablicas).<\/li>\n<li>6. Copia de la Calificaci\u00f3n en el Registro Nacional de Contratistas o su Renovaci\u00f3n. (S\u00f3lo en caso de que se requiera presentar ofertas mayores a cuatro mil Unidades Tributarias (4.000 U.T.) para bienes y servicios, y cinco mil Unidades Tributarias (5.000 U.T.) para ejecuci\u00f3n de obras (Seg\u00fan el Art\u00edculo 48 del DRVFL de Contrataciones P\u00fablicas).<\/li>\n<li>7. Copia de Certificado de&nbsp;Registro Unico de Personas que Desarrollan Actividades Econ\u00f3micas (RUPDAE), el cual se realiza atrav\u00e9s de la p\u00e1gina Web&nbsp;www.superintendenciadepreciosjustos.gob.ve. (Seg\u00fan Art\u00edculo 2 y Art\u00edculo 22 de la Ley de Precios Justos).<\/li>\n<li>8. Registro en la Superintendencia Nacional de Cooperativas (SUNACOOP) (S\u00f3lo aplicable a Cooperativas).<\/li>\n<li>9. Permisos Sanitarios\/Certificado M\u00e9dico (aplicado a empresas en el rubro de alimentos y bebidas para personas y\/o servicios de comedor).<\/li>\n<li>10. Exenciones emitidas por el SENIAT para la exoneraci\u00f3n de Impuesto Sobre La Renta (ISLR) e Impuesto al Valor Agregado (IVA) (seg\u00fan sea el caso).<\/li>\n<li>11. Referencia Bancaria con el n\u00famero de la cuenta corriente actualizada.<\/li>\n<li>12. Referencia Comercial actualizada.<\/li>\n<li>13. Autorizaci\u00f3n a persona para retiro de pago o a nombre de la UNEXPO para dep\u00f3sitos, indicando n\u00famero de cuenta bancaria y todos los datos legales pertinentes de la empresa.<\/li>\n<\/ul>\n<h4 class=\"mt-5 mb-3 text-left subtitle-post\">Los documentos requeridos deben ser consignados en cualquiera de las siguientes direcciones:<\/h4>\n<ul class=\"item-circle\">\n<li class=\"my-4\"> Unidad Nacional de Compras y Suministros UNEXPO (Rectorado):<br \/>\n&nbsp;Campus UNEXPO, Av. Corpahuaico entre Avenida Rotaria y Avenida La Salle, Edificio Central Planta Baja. Tel\u00e9fonos: 0251-6110237\/ Fax:0251-4416593. Barquisimeto &#8211; Estado Lara. Correo:&nbsp;comprasnacional.unexpo@unexpo.edu.ve.<\/li>\n<li class=\"my-4\"> Unidad Regional de Compras y Suministros UNEXPO Vice-Rectorado Barquisimeto:<br \/>\n&nbsp;Campus UNEXPO, Av. Corpahuaico entre Avenida Rotaria y Avenida La Salle, al lado del Almac\u00e9n Regional, Barquisimeto &#8211; Edo.&nbsp;Lara. Tel\u00e9fonos: 0251-4420821, 0251-4415262 Correo:&nbsp;comprasbqto@unexpo.edu.ve.<\/li>\n<li class=\"my-4\">Unidad Regional de Compras y Suministros UNEXPO Vice-Rectorado Luis Caballero Mej\u00edas (Caracas):<br \/>\n&nbsp;La Yaguara, Kil\u00f3metro 1 V\u00eda El Junquito- Distrito Capital.&nbsp;Tel\u00e9fonos: 0212-4716674\/ 0212-4711974 \/ 0212-4711982 (ext. 32501). Correo:&nbsp;comprasysuminitroslcm@hotmail.com.<\/li>\n<li class=\"my-4\"> Unidad Regional de Compras y Suministros UNEXPO Vice-Rectorado Puerto Ord\u00e1z:<br \/>\n&nbsp;Urbanizaci\u00f3n Villa Asia final Calle China, Puerto Ord\u00e1z &#8211; Estado Bol\u00edvar.&nbsp;Tel\u00e9fonos 0286-9622085 \/ 0286-9621015.<\/li>\n<\/ul>\n<p>Estos documentos deben ser presentados en una carpeta tama\u00f1o oficio con gancho, debidamente identificada y en el orden solicitado.<\/p>\n<p><a class=\"button-yellow\" href=\"https:\/web\/wp-content\/uploads\/planilla_registro_proveedores.pdf\">Planilla de Registro de Proveedores<\/a><\/p>\n","protected":false},"excerpt":{"rendered":"<p>Inscripci\u00f3n y Actualizaci\u00f3n de la Documentaci\u00f3n del Registro de Proveedores de la UNEXPO Se les participa a las Empresas Jur\u00eddicas, Cooperativas y\/o Personas Naturales, Proveedoras de Bienes, Servicios u Obras, que pueden pasar por las Unidades de Compras y Suministros de la&nbsp;Universidad Nacional Experimental Polit\u00e9cnica \u00abAntonio Jos\u00e9 de Sucre\u00bb (UNEXPO), de lunes a viernes en [&hellip;]<\/p>\n","protected":false},"author":1,"featured_media":2431,"parent":0,"menu_order":0,"comment_status":"closed","ping_status":"closed","template":"single-basico.php","meta":{"footnotes":""},"class_list":["post-779","page","type-page","status-publish","has-post-thumbnail","hentry"],"_links":{"self":[{"href":"https:\/\/virtualunexpo.com\/index.php?rest_route=\/wp\/v2\/pages\/779","targetHints":{"allow":["GET"]}}],"collection":[{"href":"https:\/\/virtualunexpo.com\/index.php?rest_route=\/wp\/v2\/pages"}],"about":[{"href":"https:\/\/virtualunexpo.com\/index.php?rest_route=\/wp\/v2\/types\/page"}],"author":[{"embeddable":true,"href":"https:\/\/virtualunexpo.com\/index.php?rest_route=\/wp\/v2\/users\/1"}],"replies":[{"embeddable":true,"href":"https:\/\/virtualunexpo.com\/index.php?rest_route=%2Fwp%2Fv2%2Fcomments&post=779"}],"version-history":[{"count":33,"href":"https:\/\/virtualunexpo.com\/index.php?rest_route=\/wp\/v2\/pages\/779\/revisions"}],"predecessor-version":[{"id":6064,"href":"https:\/\/virtualunexpo.com\/index.php?rest_route=\/wp\/v2\/pages\/779\/revisions\/6064"}],"wp:featuredmedia":[{"embeddable":true,"href":"https:\/\/virtualunexpo.com\/index.php?rest_route=\/wp\/v2\/media\/2431"}],"wp:attachment":[{"href":"https:\/\/virtualunexpo.com\/index.php?rest_route=%2Fwp%2Fv2%2Fmedia&parent=779"}],"curies":[{"name":"wp","href":"https:\/\/api.w.org\/{rel}","templated":true}]}}