{"id":737,"date":"2018-10-18T15:32:52","date_gmt":"2018-10-18T19:32:52","guid":{"rendered":"http:\/\/localhost\/~ecsilva\/wordpress\/?page_id=737"},"modified":"2020-10-17T12:27:44","modified_gmt":"2020-10-17T16:27:44","slug":"beneficios","status":"publish","type":"page","link":"https:\/\/virtualunexpo.com\/?page_id=737","title":{"rendered":"Beneficios"},"content":{"rendered":"<div class=\"row\">\n<div class=\"col-lg-6 col-md-6 col-sm-12 col-xs-12 pb-5\">\n<div class=\"container max-wid-container-90\">\n<h3 class=\"my-3 text-center subtitle-post\">Bibliotecas<\/h3>\n<hr class=\"hr-blue\">\n<p>Con la finalidad de apoyar el proceso de formaci\u00f3n acad\u00e9mica, la UNEXPO ofrece servicios de Biblioteca que contribuyen el desarrollo del conocimiento estudiantil, permitiendo para ello el acceso a una gran cantidad de libros e informaci\u00f3n, hemerotecas, entre otros.<\/p>\n<p>La UNEXPO tambi\u00e9n offrece un servicio de Biblioteca Digital que permite acceder a recursos y contenidos digitales, realizando consultas a trav\u00e9s de ella.<\/p>\n<\/div>\n<\/div>\n<div class=\"col-lg-6 col-md-6 col-sm-12 col-xs-12 pb-5\">\n<div class=\"container max-wid-container-90\">\n<h3 class=\"my-3 text-center subtitle-post\">Bienestar y Desarrollo Estudiantil<\/h3>\n<hr class=\"hr-blue\">\n<p>A trav\u00e9s de la labor que desarrolla el departamento de Bienestar y desarrollo estudiantil, la UNEXPO ejecuta una serie de actividades educativas y asistenciales que tienen como finalidad orientar, individual y colectivamente, al estudiante durante la etapa ense\u00f1anza-aprendizaje. Este proceso se complementa con la formaci\u00f3n integral de profesionales que puedan aportar todo su esfuerzo con una plena conciencia ciudadana, respondiendo a la filosof\u00eda institucional.<\/p>\n<p>Entre los planes socioecon\u00f3micos que ofrece la UNEXPO se encuentran: Ayudant\u00edas, Preparadur\u00edas, Becas, Ayudas Especiales, Comedor, Servicio Social, Atenci\u00f3n M\u00e9dico Asistencial, FAMES, Transporte, Servicio Odontol\u00f3gico, Conductual, Acad\u00e9mica y Vocacional que requiere el estudiante.<\/p>\n<\/div>\n<\/div>\n<\/div>\n<div class=\"row\">\n<div class=\"col-lg-6 col-md-6 col-sm-12 col-xs-12 pb-5\">\n<div class=\"container max-wid-container-90\">\n<h3 class=\"my-3 text-center subtitle-post\">Laboratorios<\/h3>\n<hr class=\"hr-blue\">\n<p>Como parte del proceso de formaci\u00f3n integral y acad\u00e9mico, la UNEXPO cuenta con Laboratorios de Investigaci\u00f3n que brindan apoyo en el proceso de ense\u00f1anza te\u00f3rico-pr\u00e1ctica, con la finalidad de aplicar y reforzar el conocimiento mediante la experiencia.<\/p>\n<\/div>\n<\/div>\n<div class=\"col-lg-6 col-md-6 col-sm-12 col-xs-12 pb-5\">\n<div class=\"container max-wid-container-90\">\n<h3 class=\"my-3 text-center subtitle-post\">Cultura y Extensi\u00f3n<\/h3>\n<hr class=\"hr-blue\">\n<p>La Oficina Central de Cultura y Extensi\u00f3n es la unidad administrativa de la UNEXPO encargada de promover, fomentar, formar e integrar a los estudiantes en el conocimiento, valoraci\u00f3n y conservaci\u00f3n del acervo cultural y patrimonial, en la interacci\u00f3n social, a trav\u00e9s de actividades de docencia e investigaci\u00f3n.<\/p>\n<p>La UNEXPO cuenta con grupos corales, grupos de danza, grupos de teatro,cuentacuentos, m\u00fasica folkl\u00f3rica del pa\u00eds, entre otros.<\/p>\n<\/div>\n<\/div>\n<\/div>\n<div class=\"row\">\n<div class=\"col-lg-6 col-md-6 col-sm-12 col-xs-12 pb-5\">\n<div class=\"container max-wid-container-90\">\n<h2 class=\"my-3 text-center subtitle-post\">Deportes<\/h2>\n<hr class=\"hr-blue\">\n<p>La UNEXPO, dentro de la estructura organizativa, cuenta con una Oficina Central de Deportes y tres Oficinas Regionales, ubicadas en sus Viserrectorados Barquisimeto, Puerto Ordaz y Caracas, donde se desarrollan diversas actividades deportivas.<\/p>\n<p>Su principal objetivo es lograr la integraci\u00f3n de los estudiantes de cada vicerrectorado a trav\u00e9s de diversas disciplinas deportivas como: Ajedrez, Atletismo, Baloncesto, Beisbol, F\u00fatbol, F\u00fatbol de Sal\u00f3n, Judo, K\u00e1rate Do, Kicking Ball, Polo Acu\u00e1tico, Tenis de Mesa, Voleibol de Cancha, Voleibol de Arena, Tae Kwon Do, Softbol y Rugby. Para ello, la direcci\u00f3n de Deportes cuenta con un equipo de docentes especialistas en el \u00e1rea de Educaci\u00f3n F\u00edsica de primera l\u00ednea, que se actualizan constantemente a trav\u00e9s de maestr\u00edas y doctorados en el campo deportivo.<\/p>\n<p>Entre las prioridades de la Oficina Central de Deportes destaca el fiel cumplimiento del Reglamento de Reconocimiento y Protecci\u00f3n al Estudiante Atleta, con el objetivo de orientar, entrenar y amparar a aquellos alumnos que representan a la UNEXPO en los variados eventos deportivos.<\/p>\n<\/div>\n<\/div>\n<div class=\"col-lg-6 col-md-6 col-sm-12 col-xs-12 pb-5\">\n<div class=\"container max-wid-container-90\">\n<h2 class=\"my-3 text-center subtitle-post\">Transporte<\/h2>\n<hr class=\"hr-blue\">\n<\/div>\n<\/div>\n<\/div>\n","protected":false},"excerpt":{"rendered":"<p>Bibliotecas Con la finalidad de apoyar el proceso de formaci\u00f3n acad\u00e9mica, la UNEXPO ofrece servicios de Biblioteca que contribuyen el desarrollo del conocimiento estudiantil, permitiendo para ello el acceso a una gran cantidad de libros e informaci\u00f3n, hemerotecas, entre otros. La UNEXPO tambi\u00e9n offrece un servicio de Biblioteca Digital que permite acceder a recursos y [&hellip;]<\/p>\n","protected":false},"author":1,"featured_media":0,"parent":0,"menu_order":0,"comment_status":"closed","ping_status":"closed","template":"single-basico.php","meta":{"footnotes":""},"class_list":["post-737","page","type-page","status-publish","hentry"],"_links":{"self":[{"href":"https:\/\/virtualunexpo.com\/index.php?rest_route=\/wp\/v2\/pages\/737","targetHints":{"allow":["GET"]}}],"collection":[{"href":"https:\/\/virtualunexpo.com\/index.php?rest_route=\/wp\/v2\/pages"}],"about":[{"href":"https:\/\/virtualunexpo.com\/index.php?rest_route=\/wp\/v2\/types\/page"}],"author":[{"embeddable":true,"href":"https:\/\/virtualunexpo.com\/index.php?rest_route=\/wp\/v2\/users\/1"}],"replies":[{"embeddable":true,"href":"https:\/\/virtualunexpo.com\/index.php?rest_route=%2Fwp%2Fv2%2Fcomments&post=737"}],"version-history":[{"count":64,"href":"https:\/\/virtualunexpo.com\/index.php?rest_route=\/wp\/v2\/pages\/737\/revisions"}],"predecessor-version":[{"id":5766,"href":"https:\/\/virtualunexpo.com\/index.php?rest_route=\/wp\/v2\/pages\/737\/revisions\/5766"}],"wp:attachment":[{"href":"https:\/\/virtualunexpo.com\/index.php?rest_route=%2Fwp%2Fv2%2Fmedia&parent=737"}],"curies":[{"name":"wp","href":"https:\/\/api.w.org\/{rel}","templated":true}]}}