{"id":721,"date":"2018-10-18T14:54:33","date_gmt":"2018-10-18T18:54:33","guid":{"rendered":"http:\/\/localhost\/~ecsilva\/wordpress\/?page_id=721"},"modified":"2020-10-10T16:28:27","modified_gmt":"2020-10-10T20:28:27","slug":"modalidades-de-ingreso","status":"publish","type":"page","link":"https:\/\/virtualunexpo.com\/?page_id=721","title":{"rendered":"Modalidades de Ingreso"},"content":{"rendered":"<div class=\"text-content\">\nLa Universidad Nacional Experimental Polit\u00e9cnica \u00abAntonio Jos\u00e9 de Sucre\u00bb UNEXPO ofrece diversas modalidades de ingreso para las personas que aspiran estudiar en nuestra casa de estudio, entre ellas se encuentran las siguientes:<\/div>\n<div class=\"container\">\n<div class=\"row\">\n<div class=\"col-xs-12 col-sm-12 col-md-6 col-lg-6 pb-5\">\n<div class=\"container max-wid-container-90\">\n<h3 class=\"my-3 text-center subtitle-post\">OPSU<\/h3>\n<hr class=\"hr-blue\">\n<div class=\"text-carrera\">\nLa UNEXPO ofrece el acceso a aquellos aspirantes que desean ingresar en nuestra casa de estudio a trav\u00e9s del Programa OPSU<\/div>\n<\/div>\n<\/div>\n<div class=\"col-xs-12 col-sm-12 col-md-6 col-lg-6 pb-5\">\n<div class=\"container max-wid-container-90\">\n<h3 class=\"my-3 text-center subtitle-post\">RECONOCIMIENTO AL M\u00c9RITO<\/h3>\n<hr class=\"hr-blue\">\n<div class=\"text-content\">\n<ul class=\"list-display list-checkmarks\">\n<li>Programa de Reconocimiento al Estudiante con M\u00e9rito Acad\u00e9mico<\/li>\n<li>Programa de Reconocimiento, Protecci\u00f3n y Proyecci\u00f3n del Estudiante con Aptitudes y M\u00e9ritos Culturales<\/li>\n<li>Programa de Reconocimiento al M\u00e9rito Deportivo y Protecci\u00f3n al Estudiante Atleta<\/li>\n<\/ul>\n<\/div>\n<\/div>\n<\/div>\n<\/div>\n<div class=\"row\">\n<div class=\"col-xs-12 col-sm-12 col-md-6 col-lg-6 pb-5\">\n<div class=\"container max-wid-container-90\">\n<h3 class=\"my-3 text-center subtitle-post\">EQUIVALENCIA<\/h3>\n<hr class=\"hr-blue\">\n<div class=\"text-content\">\nA trav\u00e9s del proceso de equivalencia de estudios universitarios cursados por la persona interesada<\/div>\n<\/div>\n<\/div>\n<div class=\"col-xs-12 col-sm-12 col-md-6 col-lg-6\">\n<div class=\"container max-wid-container-90\">\n<h3 class=\"my-3 text-center subtitle-post\">TRASLADO<\/h3>\n<hr class=\"hr-blue\">\n<div class=\"text-content\"><\/div>\n<\/div>\n<\/div>\n<\/div>\n<\/div>\n","protected":false},"excerpt":{"rendered":"<p>La Universidad Nacional Experimental Polit\u00e9cnica \u00abAntonio Jos\u00e9 de Sucre\u00bb UNEXPO ofrece diversas modalidades de ingreso para las personas que aspiran estudiar en nuestra casa de estudio, entre ellas se encuentran las siguientes: OPSU La UNEXPO ofrece el acceso a aquellos aspirantes que desean ingresar en nuestra casa de estudio a trav\u00e9s del Programa OPSU RECONOCIMIENTO [&hellip;]<\/p>\n","protected":false},"author":1,"featured_media":2431,"parent":0,"menu_order":0,"comment_status":"closed","ping_status":"closed","template":"single-basico.php","meta":{"footnotes":""},"class_list":["post-721","page","type-page","status-publish","has-post-thumbnail","hentry"],"_links":{"self":[{"href":"https:\/\/virtualunexpo.com\/index.php?rest_route=\/wp\/v2\/pages\/721","targetHints":{"allow":["GET"]}}],"collection":[{"href":"https:\/\/virtualunexpo.com\/index.php?rest_route=\/wp\/v2\/pages"}],"about":[{"href":"https:\/\/virtualunexpo.com\/index.php?rest_route=\/wp\/v2\/types\/page"}],"author":[{"embeddable":true,"href":"https:\/\/virtualunexpo.com\/index.php?rest_route=\/wp\/v2\/users\/1"}],"replies":[{"embeddable":true,"href":"https:\/\/virtualunexpo.com\/index.php?rest_route=%2Fwp%2Fv2%2Fcomments&post=721"}],"version-history":[{"count":125,"href":"https:\/\/virtualunexpo.com\/index.php?rest_route=\/wp\/v2\/pages\/721\/revisions"}],"predecessor-version":[{"id":5340,"href":"https:\/\/virtualunexpo.com\/index.php?rest_route=\/wp\/v2\/pages\/721\/revisions\/5340"}],"wp:featuredmedia":[{"embeddable":true,"href":"https:\/\/virtualunexpo.com\/index.php?rest_route=\/wp\/v2\/media\/2431"}],"wp:attachment":[{"href":"https:\/\/virtualunexpo.com\/index.php?rest_route=%2Fwp%2Fv2%2Fmedia&parent=721"}],"curies":[{"name":"wp","href":"https:\/\/api.w.org\/{rel}","templated":true}]}}