{"id":675,"date":"2018-10-05T10:20:57","date_gmt":"2018-10-05T14:20:57","guid":{"rendered":"http:\/\/localhost\/~ecsilva\/wordpress\/?page_id=675"},"modified":"2020-10-28T15:43:11","modified_gmt":"2020-10-28T19:43:11","slug":"plan-de-estudios-postgrado","status":"publish","type":"page","link":"https:\/\/virtualunexpo.com\/?page_id=675","title":{"rendered":"Plan de Estudios Postgrado"},"content":{"rendered":"<p>La Universidad Nacional Experimental Polit\u00e9cnica (UNEXPO), a trav\u00e9s de la Direcci\u00f3n de Investigaci\u00f3n y Postgrado ofrece a los profesionales, la oportunidad de cursar estudios de cuarto nivel en diversas \u00e1reas de Maestr\u00edas, Especializaciones T\u00e9cnicas y Profesionales.<\/p>\n<p>La Direcci\u00f3n de Investigaci\u00f3n y Postgrado realiza estudios para definir \u00e1reas prioritarias de investigaci\u00f3n; desarrolla l\u00edneas de investigaci\u00f3n en funci\u00f3n de las necesidades de la regi\u00f3n y del pa\u00eds; fomenta la creaci\u00f3n de grupos de investigaci\u00f3n; difunde y promociona las actividades de investigaci\u00f3n; estimula la participaci\u00f3n de docentes en proyectos multidisciplinarios; establece relaciones permanentes con otras universidades organizaciones p\u00fablicas y privadas e integra de manera efectiva los resultados de las gestiones de investigaci\u00f3n con la docencia de postgrado y la extensi\u00f3n.<\/p>\n","protected":false},"excerpt":{"rendered":"<p>La Universidad Nacional Experimental Polit\u00e9cnica (UNEXPO), a trav\u00e9s de la Direcci\u00f3n de Investigaci\u00f3n y Postgrado ofrece a los profesionales, la oportunidad de cursar estudios de cuarto nivel en diversas \u00e1reas de Maestr\u00edas, Especializaciones T\u00e9cnicas y Profesionales. La Direcci\u00f3n de Investigaci\u00f3n y Postgrado realiza estudios para definir \u00e1reas prioritarias de investigaci\u00f3n; desarrolla l\u00edneas de investigaci\u00f3n en [&hellip;]<\/p>\n","protected":false},"author":1,"featured_media":0,"parent":0,"menu_order":0,"comment_status":"closed","ping_status":"closed","template":"single\/single-plandeestudios-postgrado.php","meta":{"footnotes":""},"class_list":["post-675","page","type-page","status-publish","hentry"],"_links":{"self":[{"href":"https:\/\/virtualunexpo.com\/index.php?rest_route=\/wp\/v2\/pages\/675","targetHints":{"allow":["GET"]}}],"collection":[{"href":"https:\/\/virtualunexpo.com\/index.php?rest_route=\/wp\/v2\/pages"}],"about":[{"href":"https:\/\/virtualunexpo.com\/index.php?rest_route=\/wp\/v2\/types\/page"}],"author":[{"embeddable":true,"href":"https:\/\/virtualunexpo.com\/index.php?rest_route=\/wp\/v2\/users\/1"}],"replies":[{"embeddable":true,"href":"https:\/\/virtualunexpo.com\/index.php?rest_route=%2Fwp%2Fv2%2Fcomments&post=675"}],"version-history":[{"count":22,"href":"https:\/\/virtualunexpo.com\/index.php?rest_route=\/wp\/v2\/pages\/675\/revisions"}],"predecessor-version":[{"id":5763,"href":"https:\/\/virtualunexpo.com\/index.php?rest_route=\/wp\/v2\/pages\/675\/revisions\/5763"}],"wp:attachment":[{"href":"https:\/\/virtualunexpo.com\/index.php?rest_route=%2Fwp%2Fv2%2Fmedia&parent=675"}],"curies":[{"name":"wp","href":"https:\/\/api.w.org\/{rel}","templated":true}]}}