{"id":5067,"date":"2020-09-02T11:25:42","date_gmt":"2020-09-02T15:25:42","guid":{"rendered":"https:\/\/virtualunexpo.com\/?page_id=5067"},"modified":"2020-12-30T18:00:41","modified_gmt":"2020-12-30T22:00:41","slug":"revista-digital-de-investigacion-y-postgrado","status":"publish","type":"page","link":"https:\/\/virtualunexpo.com\/?page_id=5067","title":{"rendered":"Revista Digital de Investigaci\u00f3n y Postgrado"},"content":{"rendered":"<h3 class=\"my-3 text-left subtitle-post\">La revista REDIP<\/h3>\n<hr class=\"hr-blue\">\n<p>La Revista Digital de Investigaci\u00f3n y Postgrado de la UNEXPO Vicerrectorado Barquisimeto (REDIP) es una publicaci\u00f3n peri\u00f3dica arbitrada dedicada a dar a conocer los resultados de las investigaciones cient\u00edficas y tecnol\u00f3gicas del Vicerrectorado Barquisimeto de la UNEXPO y de sus otros Vicerrectorados y N\u00facleos, as\u00ed como las que realicen otros investigadores, en las distintas especialidades de la Ingenier\u00eda y de la Educaci\u00f3n en Ingenier\u00eda.<\/p>\n<h6 class=\"mt-5 subtitle-post\"><strong>Nuestra Edici\u00f3n Actual:<\/strong><\/h6>\n<h3 class=\"my-3 text-left subtitle-post\">A\u00f1o&nbsp;2012, Vol. 1, N\u00famero&nbsp;3.&nbsp;Dedicado a:&nbsp;PRODUCTIVIDAD EN EL DESARROLLO SOCIAL<\/h3>\n<hr class=\"hr-blue\">\n<p><img decoding=\"async\" class=\"aligncenter size-medium wp-image-1588\" src=\"https:\/web\/wp-content\/uploads\/Portada-REDIP.jpg\" alt=\"\"><\/p>\n<p>Para conocer m\u00e1s sobre nuestras ediciones te invitamos a visitar nuestro portal:<\/p>\n<h3> <a class=\"link-page broken_link\" href=\"http:\/\/redip.bqto.unexpo.edu.ve\/index.php\/redip\">Revista REDIP<\/a><\/h3>\n","protected":false},"excerpt":{"rendered":"<p>La revista REDIP La Revista Digital de Investigaci\u00f3n y Postgrado de la UNEXPO Vicerrectorado Barquisimeto (REDIP) es una publicaci\u00f3n peri\u00f3dica arbitrada dedicada a dar a conocer los resultados de las investigaciones cient\u00edficas y tecnol\u00f3gicas del Vicerrectorado Barquisimeto de la UNEXPO y de sus otros Vicerrectorados y N\u00facleos, as\u00ed como las que realicen otros investigadores, en [&hellip;]<\/p>\n","protected":false},"author":1,"featured_media":2431,"parent":0,"menu_order":0,"comment_status":"closed","ping_status":"closed","template":"single-basico.php","meta":{"footnotes":""},"class_list":["post-5067","page","type-page","status-publish","has-post-thumbnail","hentry"],"_links":{"self":[{"href":"https:\/\/virtualunexpo.com\/index.php?rest_route=\/wp\/v2\/pages\/5067","targetHints":{"allow":["GET"]}}],"collection":[{"href":"https:\/\/virtualunexpo.com\/index.php?rest_route=\/wp\/v2\/pages"}],"about":[{"href":"https:\/\/virtualunexpo.com\/index.php?rest_route=\/wp\/v2\/types\/page"}],"author":[{"embeddable":true,"href":"https:\/\/virtualunexpo.com\/index.php?rest_route=\/wp\/v2\/users\/1"}],"replies":[{"embeddable":true,"href":"https:\/\/virtualunexpo.com\/index.php?rest_route=%2Fwp%2Fv2%2Fcomments&post=5067"}],"version-history":[{"count":25,"href":"https:\/\/virtualunexpo.com\/index.php?rest_route=\/wp\/v2\/pages\/5067\/revisions"}],"predecessor-version":[{"id":6050,"href":"https:\/\/virtualunexpo.com\/index.php?rest_route=\/wp\/v2\/pages\/5067\/revisions\/6050"}],"wp:featuredmedia":[{"embeddable":true,"href":"https:\/\/virtualunexpo.com\/index.php?rest_route=\/wp\/v2\/media\/2431"}],"wp:attachment":[{"href":"https:\/\/virtualunexpo.com\/index.php?rest_route=%2Fwp%2Fv2%2Fmedia&parent=5067"}],"curies":[{"name":"wp","href":"https:\/\/api.w.org\/{rel}","templated":true}]}}