{"id":5047,"date":"2020-09-02T10:16:42","date_gmt":"2020-09-02T14:16:42","guid":{"rendered":"https:\/\/virtualunexpo.com\/?page_id=5047"},"modified":"2020-12-30T17:59:08","modified_gmt":"2020-12-30T21:59:08","slug":"revista-universidad-ciencia-y-tecnologia","status":"publish","type":"page","link":"https:\/\/virtualunexpo.com\/?page_id=5047","title":{"rendered":"Revista Universidad, Ciencia y Tecnolog\u00eda"},"content":{"rendered":"<h3 class=\"my-3 text-left subtitle-post\">La revista UCT<\/h3>\n<hr class=\"hr-blue\">\n<p>Es una publicaci\u00f3n indizada y arbitrada, la cual se edita en formato digital. Cada volumen consta de cuatro n\u00fameros presentados al cabo de un a\u00f1o.<br \/>\nLa revista est\u00e1 adscrita a la&nbsp;Direcci\u00f3n de Investigaci\u00f3n y Postgrado (DIP)&nbsp;de la UNEXPO Vice-Rectorado Puerto Ordaz, Estado Bol\u00edvar, Venezuela.<br \/>\nFundada en el a\u00f1o 1997 como una revista de \u00edndole cient\u00edfico-tecnol\u00f3gica.<\/p>\n<h6 class=\"mt-5 subtitle-post\"><strong>Finalidad:<\/strong><\/h6>\n<p>Destinada a exponer y enaltecer las realizaciones cient\u00edficas y tecnol\u00f3gicas de la UNEXPO, de otras universidades y centros de investigaci\u00f3n vinculados a las distintas casas de estudios, as\u00ed como de otras entidades dentro y fuera del pa\u00eds, orientadas en desarrollar labores cient\u00edficas y\/o tecnol\u00f3gicas.<\/p>\n<h6 class=\"mt-5 subtitle-post\"><strong>Nuestra Edici\u00f3n Actual:<\/strong><\/h6>\n<h3 class=\"my-3 text-left subtitle-post\">A\u00f1o&nbsp;2019, Vol. 23, N\u00famero&nbsp;92.&nbsp;<\/h3>\n<hr class=\"hr-blue\">\n<p><img decoding=\"async\" class=\"aligncenter size-medium wp-image-1588\" src=\"https:\/web\/wp-content\/uploads\/Portada-Revista-UCT.jpg\" alt=\"\"><\/p>\n<p>Para conocer m\u00e1s sobre nuestras ediciones te invitamos a visitar nuestro portal:<\/p>\n<h3><a class=\"link-page\" href=\"http:\/\/www.uct.unexpo.edu.ve\/index.php\/uct\">Revista UTC<\/a><\/h3>\n","protected":false},"excerpt":{"rendered":"<p>La revista UCT Es una publicaci\u00f3n indizada y arbitrada, la cual se edita en formato digital. Cada volumen consta de cuatro n\u00fameros presentados al cabo de un a\u00f1o. La revista est\u00e1 adscrita a la&nbsp;Direcci\u00f3n de Investigaci\u00f3n y Postgrado (DIP)&nbsp;de la UNEXPO Vice-Rectorado Puerto Ordaz, Estado Bol\u00edvar, Venezuela. Fundada en el a\u00f1o 1997 como una revista [&hellip;]<\/p>\n","protected":false},"author":1,"featured_media":2431,"parent":0,"menu_order":0,"comment_status":"closed","ping_status":"closed","template":"single-basico.php","meta":{"footnotes":""},"class_list":["post-5047","page","type-page","status-publish","has-post-thumbnail","hentry"],"_links":{"self":[{"href":"https:\/\/virtualunexpo.com\/index.php?rest_route=\/wp\/v2\/pages\/5047","targetHints":{"allow":["GET"]}}],"collection":[{"href":"https:\/\/virtualunexpo.com\/index.php?rest_route=\/wp\/v2\/pages"}],"about":[{"href":"https:\/\/virtualunexpo.com\/index.php?rest_route=\/wp\/v2\/types\/page"}],"author":[{"embeddable":true,"href":"https:\/\/virtualunexpo.com\/index.php?rest_route=\/wp\/v2\/users\/1"}],"replies":[{"embeddable":true,"href":"https:\/\/virtualunexpo.com\/index.php?rest_route=%2Fwp%2Fv2%2Fcomments&post=5047"}],"version-history":[{"count":42,"href":"https:\/\/virtualunexpo.com\/index.php?rest_route=\/wp\/v2\/pages\/5047\/revisions"}],"predecessor-version":[{"id":6049,"href":"https:\/\/virtualunexpo.com\/index.php?rest_route=\/wp\/v2\/pages\/5047\/revisions\/6049"}],"wp:featuredmedia":[{"embeddable":true,"href":"https:\/\/virtualunexpo.com\/index.php?rest_route=\/wp\/v2\/media\/2431"}],"wp:attachment":[{"href":"https:\/\/virtualunexpo.com\/index.php?rest_route=%2Fwp%2Fv2%2Fmedia&parent=5047"}],"curies":[{"name":"wp","href":"https:\/\/api.w.org\/{rel}","templated":true}]}}