{"id":3623,"date":"2020-02-17T10:49:44","date_gmt":"2020-02-17T14:49:44","guid":{"rendered":"http:\/\/localhost\/~ecsilva\/wordpress\/?page_id=3623"},"modified":"2020-10-17T12:30:10","modified_gmt":"2020-10-17T16:30:10","slug":"quienes-somos","status":"publish","type":"page","link":"https:\/\/virtualunexpo.com\/?page_id=3623","title":{"rendered":"Qui\u00e9nes Somos"},"content":{"rendered":"<div class=\"row\">\n<div class=\"col-lg-6 col-md-6 col-sm-12\">\n<div class=\"container max-wid-container-90\">\n<h3 class=\"my-3 text-center subtitle-post\">Rese\u00f1a Hist\u00f3rica<\/h3>\n<hr class=\"hr-blue\">\n<div class=\"text-content\">\nLa Universidad Nacional Experimental Polit\u00e9cnica \u201cAntonio Jos\u00e9 de Sucre\u201d, fue creada el 20 de febrero de 1979 por el Ejecutivo Nacional, de conformidad con los art\u00edculos 10 de la Ley de Universidades y 3 del decreto No. 3087.<\/p>\n<p>La base hist\u00f3rica de la UNEXPO, que ostenta el lema de \u201cLa Universidad T\u00e9cnica del Estado Venezolano\u201d, est\u00e1 conformada por una vasta experiencia acumulada en largos a\u00f1os de servicios al pa\u00eds, distribuidos en los antiguos institutos polit\u00e9cnicos que le dieron su origen: Instituto Universitario Polit\u00e9cnico de Barquisimeto (1962), el Instituto Universitario Polit\u00e9cnico de Guayana (1971) y el Instituto Universitario Polit\u00e9cnico \u201cLuis Caballero Mej\u00edas\u201d, de Caracas (1974), sedes que hoy sirven de asiento a los tres vicerrectorados, agreg\u00e1ndose sus n\u00facleos ubicados en Guarenas (1981), Charallave (1983) y Carora (1984).<\/p>\n<p>Esta casa de estudios tiene como norte la formaci\u00f3n del recurso humano y el logro de la excelencia acad\u00e9mica, hecho que se refleja en sus egresados y en el quehacer human\u00edstico, cient\u00edfico y tecnol\u00f3gico de sus centros de investigaci\u00f3n, donde se han dise\u00f1ado las estrategias pertinentes y los mecanismos necesarios para solucionar problemas del parque industrial, de la peque\u00f1a y mediana empresa y de los sectores sider\u00fargicos, el\u00e9ctrico.<\/p>\n<p>Sus carreras de ingenier\u00eda, cursos de actualizaci\u00f3n, postgrados a nivel de maestr\u00edas y especializaci\u00f3n, asistencia t\u00e9cnica y asesoramiento en proyectos industriales, colocan a nuestra universidad a la vanguardia en el sector de educaci\u00f3n superior venezolana.<\/p>\n<\/div>\n<\/div>\n<\/div>\n<div class=\"col-lg-6 col-md-6 col-sm-12\">\n<div class=\"container max-wid-container-90\">\n<h3 class=\"my-3 text-center subtitle-post\">Misi\u00f3n<\/h3>\n<hr class=\"hr-blue\">\n<div class=\"text-content\">\nLa UNEXPO como instituci\u00f3n p\u00fablica de educaci\u00f3n superior, fundamentalmente, en el \u00e1rea de la ingenier\u00eda y de la tecnolog\u00eda, tiene como Misi\u00f3n contribuir con el desarrollo humano, cient\u00edfico y tecnol\u00f3gico del pa\u00eds, al cumplir las funciones b\u00e1sicas universitarias: Docencia, Investigaci\u00f3n y Extensi\u00f3n, con significaci\u00f3n social y con un alto nivel de calidad.<\/p>\n<\/div>\n<h3 class=\"my-3 text-center subtitle-post\">Visi\u00f3n<\/h3>\n<hr class=\"hr-blue\">\n<div class=\"text-content\">\nLa UNEXPO tiene como Visi\u00f3n, ser una instituci\u00f3n de educaci\u00f3n superior que conjuga aspiraciones, conocimientos, habilidades, competencias, valores, actividades, procedimientos, procesos y ambientes con los diversos sectores sociales y el Estado, con el prop\u00f3sito de: (a) dar formaci\u00f3n permanente e integral, fundamentalmente, en el \u00e1rea de la ingenier\u00eda y la tecnolog\u00eda, con un alto nivel de calidad, (b) generar, divulgar y aplicar conocimientos socialmente significativos y (c) dar un uso social a ese conocimiento. Contribuyendo as\u00ed al desarrollo del pa\u00eds: generando comportamiento ciudadano de democracia y participaci\u00f3n, formando profesionales en el \u00e1rea tecnol\u00f3gica, creando ocupaciones de calidad, introduciendo modificaciones en el proceso productivo, estimulando el desarrollo tecnol\u00f3gico, interviniendo en la correcci\u00f3n de desequilibrios sociales, asegurando la base de sustentaci\u00f3n ecol\u00f3gica y aportando soluciones, pol\u00edticamente viables e hist\u00f3ricamente relevantes, a las necesidades de transformaci\u00f3n de la sociedad para la construcci\u00f3n de un futuro mejor.<\/p>\n<\/div>\n<\/div>\n<\/div>\n<\/div>\n","protected":false},"excerpt":{"rendered":"<p>Rese\u00f1a Hist\u00f3rica La Universidad Nacional Experimental Polit\u00e9cnica \u201cAntonio Jos\u00e9 de Sucre\u201d, fue creada el 20 de febrero de 1979 por el Ejecutivo Nacional, de conformidad con los art\u00edculos 10 de la Ley de Universidades y 3 del decreto No. 3087. La base hist\u00f3rica de la UNEXPO, que ostenta el lema de \u201cLa Universidad T\u00e9cnica del [&hellip;]<\/p>\n","protected":false},"author":1,"featured_media":2431,"parent":0,"menu_order":0,"comment_status":"closed","ping_status":"closed","template":"single-basico.php","meta":{"footnotes":""},"class_list":["post-3623","page","type-page","status-publish","has-post-thumbnail","hentry"],"_links":{"self":[{"href":"https:\/\/virtualunexpo.com\/index.php?rest_route=\/wp\/v2\/pages\/3623","targetHints":{"allow":["GET"]}}],"collection":[{"href":"https:\/\/virtualunexpo.com\/index.php?rest_route=\/wp\/v2\/pages"}],"about":[{"href":"https:\/\/virtualunexpo.com\/index.php?rest_route=\/wp\/v2\/types\/page"}],"author":[{"embeddable":true,"href":"https:\/\/virtualunexpo.com\/index.php?rest_route=\/wp\/v2\/users\/1"}],"replies":[{"embeddable":true,"href":"https:\/\/virtualunexpo.com\/index.php?rest_route=%2Fwp%2Fv2%2Fcomments&post=3623"}],"version-history":[{"count":20,"href":"https:\/\/virtualunexpo.com\/index.php?rest_route=\/wp\/v2\/pages\/3623\/revisions"}],"predecessor-version":[{"id":5767,"href":"https:\/\/virtualunexpo.com\/index.php?rest_route=\/wp\/v2\/pages\/3623\/revisions\/5767"}],"wp:featuredmedia":[{"embeddable":true,"href":"https:\/\/virtualunexpo.com\/index.php?rest_route=\/wp\/v2\/media\/2431"}],"wp:attachment":[{"href":"https:\/\/virtualunexpo.com\/index.php?rest_route=%2Fwp%2Fv2%2Fmedia&parent=3623"}],"curies":[{"name":"wp","href":"https:\/\/api.w.org\/{rel}","templated":true}]}}