{"id":12,"date":"2018-05-02T09:53:46","date_gmt":"2018-05-02T15:53:46","guid":{"rendered":"http:\/\/172.18.129.155\/~soporte\/wordpress\/?page_id=12"},"modified":"2021-07-02T16:48:14","modified_gmt":"2021-07-02T20:48:14","slug":"inicio","status":"publish","type":"page","link":"https:\/\/virtualunexpo.com\/","title":{"rendered":"Inicio"},"content":{"rendered":"<h1><img loading=\"lazy\" decoding=\"async\" class=\"aligncenter wp-image-51\" src=\"http:\/\/172.18.129.155\/~ecsilva\/wordpress\/wp-content\/uploads\/2018\/05\/VLCM-La-Yaguara.jpg\" alt=\"\" width=\"1200\" height=\"900\" srcset=\"https:\/\/virtualunexpo.com\/wp-content\/uploads\/2018\/05\/VLCM-La-Yaguara.jpg 640w, https:\/\/virtualunexpo.com\/wp-content\/uploads\/2018\/05\/VLCM-La-Yaguara-300x225.jpg 300w\" sizes=\"auto, (max-width: 1200px) 100vw, 1200px\" \/>\u00a1Bienvenido a tu sitio! Esta es tu p\u00e1gina de inicio, que es la que la mayor\u00eda de visitantes ver\u00e1n cuando vengan a tu sitio por primera vez.<\/h1>\n","protected":false},"excerpt":{"rendered":"<p>\u00a1Bienvenido a tu sitio! Esta es tu p\u00e1gina de inicio, que es la que la mayor\u00eda de visitantes ver\u00e1n cuando vengan a tu sitio por primera vez.<\/p>\n","protected":false},"author":1,"featured_media":0,"parent":0,"menu_order":0,"comment_status":"closed","ping_status":"closed","template":"templates\/template-home.php","meta":{"footnotes":""},"class_list":["post-12","page","type-page","status-publish","hentry"],"_links":{"self":[{"href":"https:\/\/virtualunexpo.com\/index.php?rest_route=\/wp\/v2\/pages\/12","targetHints":{"allow":["GET"]}}],"collection":[{"href":"https:\/\/virtualunexpo.com\/index.php?rest_route=\/wp\/v2\/pages"}],"about":[{"href":"https:\/\/virtualunexpo.com\/index.php?rest_route=\/wp\/v2\/types\/page"}],"author":[{"embeddable":true,"href":"https:\/\/virtualunexpo.com\/index.php?rest_route=\/wp\/v2\/users\/1"}],"replies":[{"embeddable":true,"href":"https:\/\/virtualunexpo.com\/index.php?rest_route=%2Fwp%2Fv2%2Fcomments&post=12"}],"version-history":[{"count":5,"href":"https:\/\/virtualunexpo.com\/index.php?rest_route=\/wp\/v2\/pages\/12\/revisions"}],"predecessor-version":[{"id":5955,"href":"https:\/\/virtualunexpo.com\/index.php?rest_route=\/wp\/v2\/pages\/12\/revisions\/5955"}],"wp:attachment":[{"href":"https:\/\/virtualunexpo.com\/index.php?rest_route=%2Fwp%2Fv2%2Fmedia&parent=12"}],"curies":[{"name":"wp","href":"https:\/\/api.w.org\/{rel}","templated":true}]}}